
{"id":121,"date":"2011-02-13T07:53:29","date_gmt":"2011-02-13T14:53:29","guid":{"rendered":"http:\/\/www.chronme.com\/blog\/?page_id=121"},"modified":"2025-01-08T17:05:53","modified_gmt":"2025-01-08T10:05:53","slug":"cronometro-online","status":"publish","type":"page","link":"https:\/\/www.chronme.com\/blog\/cronometro-online","title":{"rendered":"Cron\u00f3metro online"},"content":{"rendered":"<p>Hoy lanzamos una versi\u00f3n mejorada de <a href=\"http:\/\/cronometro-online.chronme.com\" title=\"cronometro online\">cronometro online<\/a> &#8220;ChronMe&#8221; en espa\u00f1ol.<\/p>\n<div style=\"margin:10px 0 0 0;\"><\/div>\n<p>Controlar el tiempo que nos lleva realizar las distintas tareas del d\u00eda a d\u00eda es una buena forma de aumentar nuestra productividad.  Para muchos de nosotros, el ordenador es una suerte de agujero de tiempo en el que las horas pasan en un abrir y cerrar de ojos, y cuando nos damos cuenta se nos ha pasado la tarde sin hacer absolutamente nada, momento en el que nos hacemos la cl\u00e1sica pregunta: \u00bfy qu\u00e9 hice yo todo el d\u00eda?<\/p>\n<div style=\"margin:10px 0 0 0;\"><\/div>\n<p>Una soluci\u00f3n para este problema es ChronMe, un <strong>cron\u00f3metro online<\/strong> que te ayudar\u00e1 a calcular el tiempo que empleas en realizar las distintas actividades cotidianas, llevando un registro interactivo que, a modo de lista, te mantendr\u00e1 al tanto de todas las actividades que has realizado, su hora de comienzo, y el tiempo que has tardado en llevarlas adelante.<\/p>\n<div style=\"margin:20px 0 0 0;\"><\/div>\n<p><img decoding=\"async\" width=\"450\" src=\"wp-content\/uploads\/cronometro-online.jpg\"><\/img><\/p>\n<div style=\"margin:20px 0 0 0;\"><\/div>\n<p>El <strong>cron\u00f3metro online<\/strong> ChronMe lleva funcionando desde el 2008 en su versi\u00f3n inglesa. Hasta la fecha hemos recibido numerosas felicitaciones de usuarios que utilizan el cron\u00f3metro online para:<\/p>\n<div style=\"margin:10px 0 0 0;\"><\/div>\n<ul>\n<li>&#8211; preparar sus discursos<\/li>\n<li>&#8211; monitorizar tiempos en proyectos (y no cobrar menos de lo que toca \ud83d\ude42 )<\/li>\n<li>&#8211; monitorizar paradas en una f\u00e1brica<\/li>\n<li>&#8211; medir el tiempo entre contracciones antes del parto (jam\u00e1s nos lo hubi\u00e9semos imaginado)<\/li>\n<li>&#8211; monitorizar los tiempos de llamadas en un callcenter<\/li>\n<li>&#8211; monitorizar las peticiones en una empresa de Taxis<\/li>\n<li>&#8211; sincronizar video de alta velocidad<\/li>\n<\/ul>\n<div style=\"margin:10px 0 0 0;\"><\/div>\n<p>Con un formato absolutamente intuitivo, simplemente cuentas con dos botones: con uno arrancas y detienes el tiempo, y con el otro reinicias el <strong>cron\u00f3metro<\/strong> y borras la lista por completo.  De esta forma, cada vez que detengas el <strong>cron\u00f3metro<\/strong>, una nueva l\u00ednea aparecer\u00e1 en la lista, indicando la hora de inicio, el tiempo transcurrido, y la fecha exacta en la que fue realizada.<\/p>\n<div style=\"margin:10px 0 0 0;\"><\/div>\n<p>Las listas elaboradas pueden ser descargadas al ordenador en formato CSV y SCSV, e importadas desde cualquier programa compatible, como por ejemplo Microsoft Excel. Generalmente en Europa el formato SCSV te pondr\u00e1 los datos directamente en columnas cuando lo abras en Excel. Lo mejor es que pruebes cual te va mejor.<\/p>\n<div style=\"margin:10px 0 0 0;\"><\/div>\n<p>ChronMe cuenta adem\u00e1s con una versi\u00f3n en miniatura, y se ofrece como un <a href=\"http:\/\/www.chronme.com\/blog\/install-the-chronme-widget-on-your-blog\/48\" title=\"cronometro-online-widget\">Widget<\/a> (de momento solo en ingl\u00e9s) para quienes quieran agregar el cron\u00f3metro en su sitio web.<\/p>\n<div style=\"margin:10px 0 0 0;\"><\/div>\n<p>Durante estos a\u00f1os nos han pedido numerosas veces poder utilizar las teclas para operar el <strong>cron\u00f3metro<\/strong>. Tambi\u00e9n ha habido quien ha echado en falta poder tomar tiempos sin parar el <strong>cron\u00f3metro<\/strong>. Todo ello ha sido resuelto en \u00e9sta nueva versi\u00f3n que lanzamos hoy.<\/p>\n<div style=\"margin:10px 0 0 0;\"><\/div>\n<ul>\n<li>&#8211; Iniciar\/Parar  [ENTER]<\/li>\n<li>&#8211; Tomar el tiempo sin detener el cron\u00f3metro [INS]<\/li>\n<li>&#8211; Reiniciar y borrar la lista de registro  [ESC]<\/li>\n<\/ul>\n<div style=\"margin:10px 0 0 0;\"><\/div>\n<div style=\"margin:10px 0 0 0;\"><\/div>\n<p>[Nota: Para \u00e9sta p\u00e1gina hemos tomado prestado y adaptado fragmentos del siguiente post aparecido el 11 de Marzo 2009 en elgeek.com   <a href=\"http:\/\/elgeek.com\/chronme-cronometro-online\" title=\"cronometro online\" target=\"_blank\">Cronometro Online<\/a>]<\/p>\n","protected":false},"excerpt":{"rendered":"<p>Hoy lanzamos una versi\u00f3n mejorada de cronometro online &#8220;ChronMe&#8221; en espa\u00f1ol. Controlar el tiempo que nos lleva realizar las distintas tareas del d\u00eda a d\u00eda es una buena forma de aumentar nuestra productividad. Para muchos de nosotros, el ordenador es una suerte de agujero de tiempo en el que las horas pasan en un abrir [&hellip;]<\/p>\n","protected":false},"author":1,"featured_media":0,"parent":0,"menu_order":0,"comment_status":"open","ping_status":"open","template":"","meta":{"footnotes":""},"class_list":["post-121","page","type-page","status-publish","hentry"],"_links":{"self":[{"href":"https:\/\/www.chronme.com\/blog\/wp-json\/wp\/v2\/pages\/121","targetHints":{"allow":["GET"]}}],"collection":[{"href":"https:\/\/www.chronme.com\/blog\/wp-json\/wp\/v2\/pages"}],"about":[{"href":"https:\/\/www.chronme.com\/blog\/wp-json\/wp\/v2\/types\/page"}],"author":[{"embeddable":true,"href":"https:\/\/www.chronme.com\/blog\/wp-json\/wp\/v2\/users\/1"}],"replies":[{"embeddable":true,"href":"https:\/\/www.chronme.com\/blog\/wp-json\/wp\/v2\/comments?post=121"}],"version-history":[{"count":0,"href":"https:\/\/www.chronme.com\/blog\/wp-json\/wp\/v2\/pages\/121\/revisions"}],"wp:attachment":[{"href":"https:\/\/www.chronme.com\/blog\/wp-json\/wp\/v2\/media?parent=121"}],"curies":[{"name":"wp","href":"https:\/\/api.w.org\/{rel}","templated":true}]}}