
{"id":141,"date":"2011-02-20T09:46:25","date_gmt":"2011-02-20T16:46:25","guid":{"rendered":"http:\/\/www.chronme.com\/blog\/?page_id=141"},"modified":"2011-02-20T09:46:25","modified_gmt":"2011-02-20T16:46:25","slug":"stoppuhr-online","status":"publish","type":"page","link":"https:\/\/www.chronme.com\/blog\/stoppuhr-online","title":{"rendered":"Stoppuhr Online"},"content":{"rendered":"<p>ChronMe jetzt auch auf Deutsch: <a href=\"http:\/\/stoppuhr-online.chronme.com\" title=\"Stoppuhr online\"><strong>Stoppuhr online<\/strong><\/a>.<\/p>\n<div style=\"margin:10px 0 0 0;\"><\/div>\n<p>Unter den Namen ChronMe verbirgt sich ein ganz besonderer Service zum Stoppen verschiedener Zeiten. Wie man es schon auf der Startseite von ChronMe erkennt, so bietet ChronMe eine <strong>Online Stoppuhr<\/strong> an, mit welcher man eben einfach die Zeit stoppen kann.<\/p>\n<div style=\"margin:10px 0 0 0;\"><\/div>\n<p>Mit der <strong>Online Stoppuhr<\/strong> l\u00e4sst sich aber nicht nur eine Zeit stoppen, sondern gleich mehrere und so kann man einfach mehrmals auf den Start\/Stop Button klicken, um dabei dann mehrere Zeiten zu stoppen.<\/p>\n<div style=\"margin:10px 0 0 0;\"><\/div>\n<p>Die gestoppten Zeiten werden einen dann \u00fcbersichtlich unter der Stoppuhr ausgeliefert, hier hat man dann die M\u00f6glichkeit zu jeder gestoppten Zeit einen Titel oder eine Beschreibung einzugeben, sowie lassen sich die gestoppten Zeiten von ChronMe auch einfach als csv. oder scsv Datei herunterladen. In der jeweils heruntergeladenen Datei, die direkt mit Excel ge\u00f6ffnet werden k\u00f6nnen, erkennt man dann \u00fcbersichtlich die gestoppten Zeiten, sowie die hinzugef\u00fcgte Beschreibung.<\/p>\n<div style=\"margin:10px 0 0 0;\"><\/div>\n<p>Die ChronMe <strong>Online Stoppuhr<\/strong>ist auf English schon seit 2009 online. Neu dazu kommt jetzt die M\u00f6glichkeit die Stoppuhr direkt durch die Tastatur zu bedienen. Dadurch wird eine viel schnellere oder sogar eine mit geschlossenen Augen Bedienung erleichtert.<\/p>\n<div style=\"margin:10px 0 0 0;\"><\/div>\n<p>Zwischenzeiten ohne die Stoppuhr zu stoppen sind nun auch m\u00f6glich.<\/p>\n<div style=\"margin:10px 0 0 0;\"><\/div>\n<ol>\n<li>Klicken Sie auf Start\/Stop oder [ENTER]<\/li>\n<li>So oft wie n\u00f6tig wiederholen<\/li>\n<li>Kurze T\u00e4tigkeitsbeschreibungen hinzuf\u00fcgen<\/li>\n<li>Zwischenzeiten ohne die Stoppuhr zu stoppen mit der Taste [INS]<\/li>\n<li>Excel T\u00e4tigkeitsbericht auf Ihrem Komputer speichern<\/li>\n<li>Zur\u00fcckstellen oder die Taste [ESC] bet\u00e4tigen<\/li>\n<\/ol>\n<div style=\"margin:10px 0 0 0;\"><\/div>\n<p>Der Service von ChronMe bietet dabei aber auch noch einige weitere nennenswerte Funktionen und so kann man sich beispielsweise auch ein verkleinerte Version der <strong>Online Stoppuhr<\/strong> anzeigen lassen, hierbei stehen einem dann aber nicht die oben genannten Funktionen zur Verf\u00fcgung. Die verkleinerte Version der chron me Stoppuhr ist dabei auch als Widget erh\u00e4ltlich, dieses ChronMe Widget l\u00e4sst sich sehr einfach in einem Blog, auf iGoogle oder weiteren Startseiten einf\u00fcgen.<\/p>\n","protected":false},"excerpt":{"rendered":"<p>ChronMe jetzt auch auf Deutsch: Stoppuhr online. Unter den Namen ChronMe verbirgt sich ein ganz besonderer Service zum Stoppen verschiedener Zeiten. Wie man es schon auf der Startseite von ChronMe erkennt, so bietet ChronMe eine Online Stoppuhr an, mit welcher man eben einfach die Zeit stoppen kann. Mit der Online Stoppuhr l\u00e4sst sich aber nicht [&hellip;]<\/p>\n","protected":false},"author":1,"featured_media":0,"parent":0,"menu_order":0,"comment_status":"open","ping_status":"open","template":"","meta":{"footnotes":""},"class_list":["post-141","page","type-page","status-publish","hentry"],"_links":{"self":[{"href":"https:\/\/www.chronme.com\/blog\/wp-json\/wp\/v2\/pages\/141","targetHints":{"allow":["GET"]}}],"collection":[{"href":"https:\/\/www.chronme.com\/blog\/wp-json\/wp\/v2\/pages"}],"about":[{"href":"https:\/\/www.chronme.com\/blog\/wp-json\/wp\/v2\/types\/page"}],"author":[{"embeddable":true,"href":"https:\/\/www.chronme.com\/blog\/wp-json\/wp\/v2\/users\/1"}],"replies":[{"embeddable":true,"href":"https:\/\/www.chronme.com\/blog\/wp-json\/wp\/v2\/comments?post=141"}],"version-history":[{"count":0,"href":"https:\/\/www.chronme.com\/blog\/wp-json\/wp\/v2\/pages\/141\/revisions"}],"wp:attachment":[{"href":"https:\/\/www.chronme.com\/blog\/wp-json\/wp\/v2\/media?parent=141"}],"curies":[{"name":"wp","href":"https:\/\/api.w.org\/{rel}","templated":true}]}}