
{"id":196,"date":"2014-10-06T13:36:42","date_gmt":"2014-10-06T20:36:42","guid":{"rendered":"http:\/\/www.chronme.com\/blog\/?page_id=196"},"modified":"2014-10-06T13:36:42","modified_gmt":"2014-10-06T20:36:42","slug":"stoper-online","status":"publish","type":"page","link":"https:\/\/www.chronme.com\/blog\/stoper-online","title":{"rendered":"Stoper Online"},"content":{"rendered":"<p><img decoding=\"async\" style=\"width:100%\" src=\"http:\/\/www.chronme.com\/blog\/wp-content\/uploads\/stoper-online.jpg\" title=\"stoper online\" \/><\/p>\n<style>\n.storycontent ul {\n    margin:20px;\n}\n.storycontent li {\n    list-style:square;\n}\n.storycontent div {\n    margin-top:20px;\n}\n<\/style>\n<div>Kontrolowanie naszego czasu zwi\u0105zane z wykonywaniem naszych codziennych zada\u0144 jest dobrym sposobem na zwi\u0119kszanie naszej produktywno\u015bci. Dla wielu z nas nasz komputer jest troch\u0119 jak czarna dziura, w kt\u00f3rej znikaj\u0105 godziny i po chwili orientujemy si\u0119, \u017ce stracili\u015bmy praktycznie ca\u0142y wiecz\u00f3r bez zrobienia niczego. Wtedy zadajemy sobie pytanie: Co robi\u0142em ca\u0142y dzie\u0144?<\/div>\n<div>\nJedno z rozwi\u0105za\u0144 tego problemu to <strong><a href=\"http:\/\/stoper.chronme.com\" title=\"stoper online\">stoper online ChronMe<\/a><\/strong>, kt\u00f3ry pomo\u017ce Ci mierzy\u0107 czas sp\u0119dzony na wykonywaniu codziennych czynno\u015bci poprzez tworzenie swego rodzaju listy. Pomo\u017ce Ci oszacowa\u0107 ile czasu trwa\u0142y i kiedy si\u0119 zacz\u0119\u0142y r\u00f3\u017cne rzeczy, kt\u00f3re robi\u0142e\u015b.<\/div>\n<div>\nWersja angielska <strong>stopera online ChronMe<\/strong> dzia\u0142a od 2008. Do tej pory otrzymali\u015bmy wiele pozytywnych opinii od u\u017cytkownik\u00f3w, kt\u00f3rzy u\u017cywaj\u0105 stopera online do:<\/p>\n<ul>\n<li>Przygotowania przem\u00f3w<\/li>\n<li>Monitorowania czasu trwania projekt\u00f3w<\/li>\n<li>Monitorowania op\u00f3\u017anie\u0144 w fabrykach<\/li>\n<li>Mierzenia odst\u0119p\u00f3w mi\u0119dzy skurczami porodowymi<\/li>\n<li>Mierzenia czasu rozm\u00f3w telefonicznych w call center<\/li>\n<li>Monitorowania czasu realizacji us\u0142ug taks\u00f3wkarskich<\/li>\n<li>Synchronizacji wysokiej jako\u015bci wideo<\/li>\n<\/ul>\n<p>Istniej\u0105 tu tylko dwa przyciski: jeden uruchamia i stopuje <strong>stoper online<\/strong> a drugi go resetuje. Za ka\u017cdym razem, kiedy zatrzymujesz stoper, pojawi si\u0119 nowa linijka na li\u015bcie pokazuj\u0105ca czas startu, d\u0142ugo\u015b\u0107 danej czynno\u015bci i dok\u0142adn\u0105 dat\u0119, kiedy si\u0119 to zadzia\u0142o.<\/div>\n<div>\nLista rezultat\u00f3w mo\u017ce zosta\u0107 pobrana na komputer w formacie CSV lub SCVS, kt\u00f3re mog\u0105 by\u0107 zaimportowane do arkuszy kalkulacyjnych jak na przyk\u0142ad Excel. Wi\u0119kszo\u015b\u0107 u\u017cytkownik\u00f3w z Europy spotka si\u0119 z tym, \u017ce format SCSV u\u0142o\u017cy dane w kolumnach, kiedy otworz\u0105 plik w Excelu. Najlepszym sposobem jest zobaczenie, kt\u00f3ry format pasuje Ci najbardziej.<\/div>\n","protected":false},"excerpt":{"rendered":"<p>Kontrolowanie naszego czasu zwi\u0105zane z wykonywaniem naszych codziennych zada\u0144 jest dobrym sposobem na zwi\u0119kszanie naszej produktywno\u015bci. Dla wielu z nas nasz komputer jest troch\u0119 jak czarna dziura, w kt\u00f3rej znikaj\u0105 godziny i po chwili orientujemy si\u0119, \u017ce stracili\u015bmy praktycznie ca\u0142y wiecz\u00f3r bez zrobienia niczego. Wtedy zadajemy sobie pytanie: Co robi\u0142em ca\u0142y dzie\u0144? Jedno z rozwi\u0105za\u0144 [&hellip;]<\/p>\n","protected":false},"author":1,"featured_media":0,"parent":0,"menu_order":0,"comment_status":"open","ping_status":"open","template":"","meta":{"footnotes":""},"class_list":["post-196","page","type-page","status-publish","hentry"],"_links":{"self":[{"href":"https:\/\/www.chronme.com\/blog\/wp-json\/wp\/v2\/pages\/196","targetHints":{"allow":["GET"]}}],"collection":[{"href":"https:\/\/www.chronme.com\/blog\/wp-json\/wp\/v2\/pages"}],"about":[{"href":"https:\/\/www.chronme.com\/blog\/wp-json\/wp\/v2\/types\/page"}],"author":[{"embeddable":true,"href":"https:\/\/www.chronme.com\/blog\/wp-json\/wp\/v2\/users\/1"}],"replies":[{"embeddable":true,"href":"https:\/\/www.chronme.com\/blog\/wp-json\/wp\/v2\/comments?post=196"}],"version-history":[{"count":0,"href":"https:\/\/www.chronme.com\/blog\/wp-json\/wp\/v2\/pages\/196\/revisions"}],"wp:attachment":[{"href":"https:\/\/www.chronme.com\/blog\/wp-json\/wp\/v2\/media?parent=196"}],"curies":[{"name":"wp","href":"https:\/\/api.w.org\/{rel}","templated":true}]}}