
{"id":212,"date":"2014-10-11T00:45:28","date_gmt":"2014-10-11T07:45:28","guid":{"rendered":"http:\/\/www.chronme.com\/blog\/?page_id=212"},"modified":"2025-01-08T17:13:43","modified_gmt":"2025-01-08T10:13:43","slug":"o-cronometro-online-chronme","status":"publish","type":"page","link":"https:\/\/www.chronme.com\/blog\/o-cronometro-online-chronme","title":{"rendered":"O cron\u00f4metro online ChronMe"},"content":{"rendered":"<p><img decoding=\"async\" style=\"width:100%\" src=\"http:\/\/www.chronme.com\/blog\/wp-content\/uploads\/o-cronometro-online.jpg\" title=\"cron\u00f4metro online\" \/><\/p>\n<style>.storycontent ul{margin:20px;}.storycontent li{list-style:square;}.storycontent div{margin-top:20px;}<\/style>\n<div>\nTomar o controle do tempo nos ajuda a executar cada tarefa di\u00e1ria de uma boa maneira que aumenta nossa produtividade. Para muitos de n\u00f3s, nosso computador \u00e9 como um buraco negro, onde desaparecem horas e quando  percebemos isso n\u00f3s j\u00e1 perdemos uma noite inteira, sem conseguir nada. \u00c9 quando nos fazemos a t\u00edpica pergunta: O que eu fiz o dia inteiro?\n<\/div>\n<div>\n<p>Uma solu\u00e7\u00e3o para este problema pode ser encontrada no <a href=\"http:\/\/ocronometro.chronme.com\"><strong>ChronMe, um cron\u00f4metro online<\/strong><\/a> que ir\u00e1 ajudar voc\u00ea a medir o tempo gasto em diversas atividades di\u00e1rias, mantendo um itiner\u00e1rio interativo em forma de lista. Ele vai te manter atualizado sobre as diversas coisas que voc\u00ea fez, quando come\u00e7ou e quanto tempo levou para faz\u00ea-las.\n<\/div>\n<div>\n<p>A vers\u00e3o em Ingl\u00eas do <strong>cron\u00f4metro online ChronMe<\/strong> est\u00e1 em funcionamento desde 2008. At\u00e9 agora recebemos \u00f3timos coment\u00e1rios de usu\u00e1rios que usam o cron\u00f4metro online para: <\/p>\n<ul>\n<li>prepare discursos <\/li>\n<li>monitore o tempo de projetos <\/li>\n<li>monitore atrasos de f\u00e1bricas<\/li>\n<li>me\u00e7a as contrata\u00e7\u00f5es pr\u00e9-natais <\/li>\n<li>me\u00e7a o tempo de chamada em contact centers<\/li>\n<li>monitore as solicita\u00e7\u00f5es de servi\u00e7o de uma empresa de t\u00e1xi<\/li>\n<li>sincronize v\u00eddeos de alta qualidade<\/li>\n<\/ul>\n<p>Em seu formato intuitivo, h\u00e1 apenas dois bot\u00f5es: um bot\u00e3o inicia e p\u00e1ra o <strong>cron\u00f4metro<\/strong>, o outro zera o cron\u00f4metro. Cada vez que voc\u00ea parar o cron\u00f4metro uma nova linha ir\u00e1 aparecer na sua lista que indica a hora de in\u00edcio, dura\u00e7\u00e3o do tempo que passou e a data exata em que isso aconteceu.\n<\/div>\n<div>\n<p>As listas resultantes podem ser transferidas para um computador em formato CSV e SCSV, que pode ser importado para qualquer software compat\u00edvel, como o Excel. A maioria dos utilizadores europeus vai perceber que o formato SCSV ir\u00e1 colocar os dados em colunas quando aberto com Excel. A melhor abordagem \u00e9 tentar muitos e ver o que melhor se adequa.\n<\/p><\/div>\n","protected":false},"excerpt":{"rendered":"<p>Tomar o controle do tempo nos ajuda a executar cada tarefa di\u00e1ria de uma boa maneira que aumenta nossa produtividade. Para muitos de n\u00f3s, nosso computador \u00e9 como um buraco negro, onde desaparecem horas e quando percebemos isso n\u00f3s j\u00e1 perdemos uma noite inteira, sem conseguir nada. \u00c9 quando nos fazemos a t\u00edpica pergunta: O [&hellip;]<\/p>\n","protected":false},"author":1,"featured_media":0,"parent":0,"menu_order":0,"comment_status":"closed","ping_status":"open","template":"","meta":{"footnotes":""},"class_list":["post-212","page","type-page","status-publish","hentry"],"_links":{"self":[{"href":"https:\/\/www.chronme.com\/blog\/wp-json\/wp\/v2\/pages\/212","targetHints":{"allow":["GET"]}}],"collection":[{"href":"https:\/\/www.chronme.com\/blog\/wp-json\/wp\/v2\/pages"}],"about":[{"href":"https:\/\/www.chronme.com\/blog\/wp-json\/wp\/v2\/types\/page"}],"author":[{"embeddable":true,"href":"https:\/\/www.chronme.com\/blog\/wp-json\/wp\/v2\/users\/1"}],"replies":[{"embeddable":true,"href":"https:\/\/www.chronme.com\/blog\/wp-json\/wp\/v2\/comments?post=212"}],"version-history":[{"count":0,"href":"https:\/\/www.chronme.com\/blog\/wp-json\/wp\/v2\/pages\/212\/revisions"}],"wp:attachment":[{"href":"https:\/\/www.chronme.com\/blog\/wp-json\/wp\/v2\/media?parent=212"}],"curies":[{"name":"wp","href":"https:\/\/api.w.org\/{rel}","templated":true}]}}