
{"id":235,"date":"2014-11-02T15:16:48","date_gmt":"2014-11-02T22:16:48","guid":{"rendered":"http:\/\/www.chronme.com\/blog\/?page_id=235"},"modified":"2025-01-08T17:04:39","modified_gmt":"2025-01-08T10:04:39","slug":"cronometre-en-linia","status":"publish","type":"page","link":"https:\/\/www.chronme.com\/blog\/cronometre-en-linia","title":{"rendered":"Cron\u00f2metre en l\u00ednia"},"content":{"rendered":"<p><img decoding=\"async\" style=\"width:100%\" src=\"http:\/\/www.chronme.com\/blog\/wp-content\/uploads\/cronometre-en-linia.jpg\" title=\"Cron\u00f2metre en l\u00ednia\" \/><\/p>\n<style>.storycontent ul{margin:20px;}.storycontent li{list-style:square;}.storycontent div{margin-top:20px;}<\/style>\n<div>\nControlar el temps que tardem a realitzar les diferents tasques del dia a dia \u00e9s una bona manera d\u2019augmentar la nostra productivitat. Per a molts de nosaltres, l\u2019ordinador \u00e9s un forat negre on desapareixen les hores, i quan ens adonem ha passat la tarda sense fer absolutament res, moment en qu\u00e8 ens fem la cl\u00e0ssica pregunta: I qu\u00e8 he fet jo en tot el dia?\n<\/div>\n<div>\n<p>Una soluci\u00f3 per a aquest problema \u00e9s <strong><a href=\"http:\/\/cronometre-en-linia.chronme.com\">ChronMe, un cron\u00f2metre en l\u00ednia<\/a><\/strong> que t\u2019ajudar\u00e0 a calcular el temps que empres en realitzar les diferents activitats quotidianes, duent a terme un registre interactiu que, a manera de llista, et mantindr\u00e0 al corrent de les activitats que has realitzat, l\u2019hora de comen\u00e7ament, i el temps que has tardat a dur-les a terme.\n<\/div>\n<div>\n<p>El <strong>cron\u00f2metre online ChronMe<\/strong> funciona desde el 2008 en la versi\u00f3 anglesa. Fins avui dia hem rebut numeroses felicitacions d\u2019usuaris que utilitzen el cron\u00f2metre online per:<\/p>\n<ul>\n<li>preparar els seus discursos<\/li>\n<li>monitoritzar el temps en els seus projectes<\/li>\n<li>monitoritzar parades en una f\u00e0brica<\/li>\n<li>medir el temps entre contraccions abans del part<\/li>\n<li>monitoritzar els temps de les trucades d\u2019un callcenter<\/li>\n<li>monitoritzar les peticions en una empresa de Taxis<\/li>\n<li>sincronitzar video d\u2019alta velocitat<\/li>\n<\/ul>\n<p>Amb un format intu\u00eftiu, simplement compta amb dos botons: amb un arranques i pares el temps, i amb l\u2019altre reinicies el <strong>cron\u00f2metre<\/strong>. Cada vegada que paris el cron\u00f2metre, una linia nova apareixer\u00e0 a la llista, indicant l\u2019hora d\u2019inici, el temps transcorregut, i la data exacta en qu\u00e8 va ser realitzada.\n<\/div>\n<div>\n<p>Les llistes elaborades poden ser descarregades a l&#8217;ordinador en format CSV i SCSV, i importades desde qualsevol programa compatible, com per exemple l\u2019Excel. Generalment a Europa el format SCSV et posar\u00e0 les dades directament en columnes quan l\u2019obris a l\u2019Excel. El millor \u00e9s que provis quin format et va millor.\n<\/p><\/div>\n","protected":false},"excerpt":{"rendered":"<p>Controlar el temps que tardem a realitzar les diferents tasques del dia a dia \u00e9s una bona manera d\u2019augmentar la nostra productivitat. Per a molts de nosaltres, l\u2019ordinador \u00e9s un forat negre on desapareixen les hores, i quan ens adonem ha passat la tarda sense fer absolutament res, moment en qu\u00e8 ens fem la cl\u00e0ssica [&hellip;]<\/p>\n","protected":false},"author":1,"featured_media":0,"parent":0,"menu_order":0,"comment_status":"closed","ping_status":"open","template":"","meta":{"footnotes":""},"class_list":["post-235","page","type-page","status-publish","hentry"],"_links":{"self":[{"href":"https:\/\/www.chronme.com\/blog\/wp-json\/wp\/v2\/pages\/235","targetHints":{"allow":["GET"]}}],"collection":[{"href":"https:\/\/www.chronme.com\/blog\/wp-json\/wp\/v2\/pages"}],"about":[{"href":"https:\/\/www.chronme.com\/blog\/wp-json\/wp\/v2\/types\/page"}],"author":[{"embeddable":true,"href":"https:\/\/www.chronme.com\/blog\/wp-json\/wp\/v2\/users\/1"}],"replies":[{"embeddable":true,"href":"https:\/\/www.chronme.com\/blog\/wp-json\/wp\/v2\/comments?post=235"}],"version-history":[{"count":0,"href":"https:\/\/www.chronme.com\/blog\/wp-json\/wp\/v2\/pages\/235\/revisions"}],"wp:attachment":[{"href":"https:\/\/www.chronme.com\/blog\/wp-json\/wp\/v2\/media?parent=235"}],"curies":[{"name":"wp","href":"https:\/\/api.w.org\/{rel}","templated":true}]}}