
{"id":355,"date":"2025-08-26T21:21:26","date_gmt":"2025-08-26T14:21:26","guid":{"rendered":"https:\/\/www.chronme.com\/blog\/?page_id=355"},"modified":"2025-08-26T21:21:26","modified_gmt":"2025-08-26T14:21:26","slug":"online-kronometre-chronme","status":"publish","type":"page","link":"https:\/\/www.chronme.com\/blog\/online-kronometre-chronme","title":{"rendered":"Online kronometre &#8211; ChronMe"},"content":{"rendered":"<p>Harika bir haberi duyurmaktan b\u00fcy\u00fck heyecan duyuyoruz! Bug\u00fcn <strong>online kronometre &#8220;ChronMe&#8221;<\/strong>&#8216;nin tamamen yenilenmi\u015f <strong>T\u00fcrk\u00e7e<\/strong> s\u00fcr\u00fcm\u00fcn\u00fc resmi olarak kullan\u0131ma sunuyoruz. Bu lansman bizim i\u00e7in \u00f6nemli bir ad\u0131m, \u00e7\u00fcnk\u00fc arac\u0131m\u0131z\u0131 d\u00fcnya genelinde daha fazla ki\u015fi i\u00e7in eri\u015filebilir ve faydal\u0131 hale getirmek istiyoruz.<\/p>\n<p>\n    <a href=\"https:\/\/online-kronometre.chronme.com\" target=\"_blank\" title=\"ChronMe'yi T\u00fcrk\u00e7e dene\"><strong>Yeni T\u00fcrk\u00e7e s\u00fcr\u00fcm\u00fc denemek i\u00e7in buraya t\u0131kla<\/strong><\/a>\n<\/p>\n<h3>G\u00fcnl\u00fck Verimlili\u011fin \u0130\u00e7in Bir Yard\u0131mc\u0131<\/h3>\n<p>G\u00fcnl\u00fck g\u00f6revlerimizi ne kadar s\u00fcrede tamamlad\u0131\u011f\u0131m\u0131z\u0131 takip etmek, verimlili\u011fimizi art\u0131rman\u0131n ve g\u00fcn\u00fcm\u00fcz\u00fcn kontrol\u00fcn\u00fc yeniden kazanman\u0131n en etkili yollar\u0131ndan biridir. \u00c7o\u011fumuz i\u00e7in bilgisayar adeta bir zaman kara deli\u011fi gibidir; saatler g\u00f6z a\u00e7\u0131p kapay\u0131ncaya kadar ge\u00e7er ve sonunda fark etti\u011fimizde, \u00f6\u011fleden sonras\u0131 \u00f6nemli i\u015flere odaklanmadan ak\u0131p gitmi\u015ftir. \u0130\u015fte o anda klasik ve can s\u0131k\u0131c\u0131 soruyu kendimize sorar\u0131z: <em>B\u00fct\u00fcn g\u00fcn ne yapt\u0131m ben?<\/em><\/p>\n<p>Bu soruna zarif ve do\u011frudan bir \u00e7\u00f6z\u00fcm <strong>ChronMe<\/strong>&#8216;dir: her bir aktiviten i\u00e7in harcad\u0131\u011f\u0131n zaman\u0131 hassasiyetle \u00f6l\u00e7mene yard\u0131mc\u0131 olacak \u00fccretsiz online kronometremiz. <strong>ChronMe<\/strong> ile ayr\u0131nt\u0131l\u0131 bir liste \u015feklinde etkile\u015fimli bir kay\u0131t tutabilir, hangi g\u00f6revleri ne zaman ba\u015flatt\u0131\u011f\u0131n\u0131 ve tam olarak ne kadar s\u00fcrede tamamlad\u0131\u011f\u0131n\u0131 her zaman g\u00f6rebilirsin.<\/p>\n<p><img decoding=\"async\" src=\"https:\/\/www.chronme.com\/blog\/wp-content\/uploads\/online-kronometre.png\" alt=\"online kronometre\" style=\"max-width: 100%; height: auto; display: block; margin: 20px 0;\"><\/p>\n<h3>Kullan\u0131c\u0131lar\u0131m\u0131z ChronMe&#8217;yi Hangi Ama\u00e7larla Kullan\u0131yor?<\/h3>\n<p><strong>Online kronometre &#8220;ChronMe&#8221;<\/strong> 2008 y\u0131l\u0131ndan bu yana \u0130ngilizce orijinal s\u00fcr\u00fcm\u00fcyle ba\u015far\u0131yla hizmet veriyor. Y\u0131llar boyunca, d\u00fcnyan\u0131n d\u00f6rt bir yan\u0131ndan say\u0131s\u0131z kullan\u0131c\u0131dan tebrik ve yorum ald\u0131k. Kullan\u0131c\u0131lar\u0131m\u0131z, online kronometreyi profesyonel ve ki\u015fisel hayatlar\u0131na \u015fa\u015f\u0131rt\u0131c\u0131 \u015fekillerde entegre ettiler. \u0130\u015fte baz\u0131 \u00f6rnekler:<\/p>\n<ul>\n<li><strong>Konu\u015fma ve sunum haz\u0131rlamak:<\/strong> Her b\u00f6l\u00fcm\u00fc \u00f6l\u00e7mek ve verilen s\u00fcrede kusursuz bir \u015fekilde tamamlamak i\u00e7in.<\/li>\n<li><strong>Projelerde s\u00fcre takibi:<\/strong> Profesyoneller ve serbest \u00e7al\u0131\u015fanlar, m\u00fc\u015fterilerine do\u011fru \u015fekilde faturaland\u0131rmak ve hak ettiklerinden az kazanmamak i\u00e7in kullan\u0131yor.<\/li>\n<li><strong>Fabrikadaki duraklamalar\u0131 kontrol etmek:<\/strong> End\u00fcstriyel s\u00fcre\u00e7leri optimize etmek ve makinelerin verimlili\u011fini \u00f6l\u00e7mek i\u00e7in.<\/li>\n<li><strong>Do\u011fum \u00f6ncesi sanc\u0131lar aras\u0131ndaki s\u00fcreyi \u00f6l\u00e7mek:<\/strong> Bu kadar \u00f6nemli anlarda yard\u0131mc\u0131 olabilmekten mutluluk duyuyoruz!<\/li>\n<li><strong>\u00c7a\u011fr\u0131 merkezinde arama s\u00fcrelerini takip etmek:<\/strong> M\u00fc\u015fteri hizmetlerini geli\u015ftirmek ve g\u00f6r\u00fc\u015fmelerin ortalama s\u00fcresini analiz etmek i\u00e7in.<\/li>\n<li><strong>Taksi firmas\u0131nda talepleri y\u00f6netmek:<\/strong> Ara\u00e7 tahsisini ve bekleme s\u00fcrelerini optimize etmek i\u00e7in.<\/li>\n<li><strong>Y\u00fcksek h\u0131zl\u0131 video senkronizasyonu:<\/strong> Sinemac\u0131lar ve teknisyenler sesi ve videoyu milimetrik hassasiyetle hizalamak i\u00e7in kullan\u0131yor.<\/li>\n<\/ul>\n<h3>Sezgisel ve G\u00fc\u00e7l\u00fc \u0130\u015flevsellik<\/h3>\n<p>Tamamen sezgisel bir formatta tasarlanan aray\u00fcz, iki ana d\u00fc\u011fmeye odaklan\u0131r: biriyle s\u00fcreyi ba\u015flat\u0131p durdurursun, di\u011feriyle kronometreyi s\u0131f\u0131rlar ve listeyi tamamen temizleyerek yeniden ba\u015flars\u0131n. Kronometreyi her durdurdu\u011funda, listeye otomatik olarak yeni bir sat\u0131r eklenir ve ba\u015flang\u0131\u00e7 saati, ge\u00e7en s\u00fcre (tur) ve \u00f6l\u00e7\u00fcm\u00fcn yap\u0131ld\u0131\u011f\u0131 tam tarih g\u00f6r\u00fcnt\u00fclenir.<\/p>\n<p>Haz\u0131rlad\u0131\u011f\u0131n s\u00fcre listeleri bilgisayar\u0131na <strong>CSV<\/strong> ve <strong>SCSV<\/strong> formatlar\u0131nda indirilebilir. Bu dosyalar, Microsoft Excel veya Google Sheets gibi uyumlu t\u00fcm hesap tablosu programlar\u0131na aktar\u0131labilir. Genellikle Avrupa&#8217;da <strong>SCSV<\/strong> (noktal\u0131 virg\u00fclle ayr\u0131lm\u0131\u015f) format\u0131, Excel&#8217;de a\u00e7t\u0131\u011f\u0131nda verileri do\u011frudan s\u00fctunlara yerle\u015ftirir. Hangisinin sana daha uygun oldu\u011funu g\u00f6rmek i\u00e7in denemek en iyisidir!<\/p>\n<p>Ayr\u0131ca <strong>ChronMe<\/strong>, mini s\u00fcr\u00fcm olarak da mevcut ve web sitelerine ya da bloglara do\u011frudan eklemek isteyenler i\u00e7in bir <strong>Widget<\/strong> (\u015fimdilik yaln\u0131zca \u0130ngilizce) \u015feklinde sunulmaktad\u0131r.<\/p>\n<h3>S\u00fcrekli Geli\u015fim Senin Sayende<\/h3>\n<p>\u0130lk s\u00fcr\u00fcm\u00fcnden bu yana, kullan\u0131c\u0131lar\u0131m\u0131z\u0131n talep etti\u011fi say\u0131s\u0131z iyile\u015ftirmeyi ekledik. Geri bildiriminiz bizim i\u00e7in \u00e7ok de\u011ferli. \u00d6rne\u011fin art\u0131k kronometreyi bilgisayar klavyesiyle de kullanabiliyorsun; bu da i\u015flemleri \u00e7ok daha h\u0131zl\u0131 ve pratik hale getiriyor. Ayr\u0131ca ana kronometreyi durdurmaya gerek kalmadan ara zamanlar (tur) alma imk\u00e2n\u0131 da eklendi.<\/p>\n<p>\u0130\u015fte temel i\u015flevlerin \u00f6zeti:<\/p>\n<ul>\n<li><strong>Ba\u015flat\/Durdur<\/strong> d\u00fc\u011fmesine<br \/>\n","protected":false},"excerpt":{"rendered":"<p>Harika bir haberi duyurmaktan b\u00fcy\u00fck heyecan duyuyoruz! Bug\u00fcn online kronometre &#8220;ChronMe&#8221;&#8216;nin tamamen yenilenmi\u015f T\u00fcrk\u00e7e s\u00fcr\u00fcm\u00fcn\u00fc resmi olarak kullan\u0131ma sunuyoruz. Bu lansman bizim i\u00e7in \u00f6nemli bir ad\u0131m, \u00e7\u00fcnk\u00fc arac\u0131m\u0131z\u0131 d\u00fcnya genelinde daha fazla ki\u015fi i\u00e7in eri\u015filebilir ve faydal\u0131 hale getirmek istiyoruz. Yeni T\u00fcrk\u00e7e s\u00fcr\u00fcm\u00fc denemek i\u00e7in buraya t\u0131kla G\u00fcnl\u00fck Verimlili\u011fin \u0130\u00e7in Bir Yard\u0131mc\u0131 G\u00fcnl\u00fck g\u00f6revlerimizi ne [&hellip;]<\/p>\n","protected":false},"author":1,"featured_media":0,"parent":0,"menu_order":0,"comment_status":"closed","ping_status":"closed","template":"","meta":{"footnotes":""},"class_list":["post-355","page","type-page","status-publish","hentry"],"_links":{"self":[{"href":"https:\/\/www.chronme.com\/blog\/wp-json\/wp\/v2\/pages\/355","targetHints":{"allow":["GET"]}}],"collection":[{"href":"https:\/\/www.chronme.com\/blog\/wp-json\/wp\/v2\/pages"}],"about":[{"href":"https:\/\/www.chronme.com\/blog\/wp-json\/wp\/v2\/types\/page"}],"author":[{"embeddable":true,"href":"https:\/\/www.chronme.com\/blog\/wp-json\/wp\/v2\/users\/1"}],"replies":[{"embeddable":true,"href":"https:\/\/www.chronme.com\/blog\/wp-json\/wp\/v2\/comments?post=355"}],"version-history":[{"count":0,"href":"https:\/\/www.chronme.com\/blog\/wp-json\/wp\/v2\/pages\/355\/revisions"}],"wp:attachment":[{"href":"https:\/\/www.chronme.com\/blog\/wp-json\/wp\/v2\/media?parent=355"}],"curies":[{"name":"wp","href":"https:\/\/api.w.org\/{rel}","templated":true}]}}