
{"id":362,"date":"2025-08-26T21:38:20","date_gmt":"2025-08-26T14:38:20","guid":{"rendered":"https:\/\/www.chronme.com\/blog\/?page_id=362"},"modified":"2025-08-26T21:38:20","modified_gmt":"2025-08-26T14:38:20","slug":"dong-ho-bam-gio-chronme","status":"publish","type":"page","link":"https:\/\/www.chronme.com\/blog\/dong-ho-bam-gio-chronme","title":{"rendered":"\u0110\u1ed3ng h\u1ed3 b\u1ea5m gi\u1edd &#8211; ChronMe"},"content":{"rendered":"<p>Ch\u00fang t\u00f4i v\u00f4 c\u00f9ng ph\u1ea5n kh\u1edfi khi th\u00f4ng b\u00e1o m\u1ed9t tin tuy\u1ec7t v\u1eddi! H\u00f4m nay ch\u00fang t\u00f4i ch\u00ednh th\u1ee9c ra m\u1eaft phi\u00ean b\u1ea3n ho\u00e0n to\u00e0n m\u1edbi c\u1ee7a <strong>\u0111\u1ed3ng h\u1ed3 b\u1ea5m gi\u1edd \u201cChronMe\u201d<\/strong> b\u1eb1ng <strong>Ti\u1ebfng Vi\u1ec7t<\/strong>. \u0110\u00e2y l\u00e0 m\u1ed9t b\u01b0\u1edbc ti\u1ebfn quan tr\u1ecdng \u0111\u1ed1i v\u1edbi ch\u00fang t\u00f4i, v\u00ec ch\u00fang t\u00f4i mong mu\u1ed1n c\u00f4ng c\u1ee5 n\u00e0y c\u00f3 th\u1ec3 d\u1ec5 d\u00e0ng ti\u1ebfp c\u1eadn v\u00e0 h\u1eefu \u00edch cho nhi\u1ec1u ng\u01b0\u1eddi h\u01a1n tr\u00ean to\u00e0n th\u1ebf gi\u1edbi.<\/p>\n<p>\n    <a href=\"https:\/\/dong-ho-bam-gio.chronme.com\" target=\"_blank\" title=\"D\u00f9ng th\u1eed ChronMe b\u1eb1ng Ti\u1ebfng Vi\u1ec7t\"><strong>Nh\u1ea5p v\u00e0o \u0111\u00e2y \u0111\u1ec3 d\u00f9ng th\u1eed phi\u00ean b\u1ea3n Ti\u1ebfng Vi\u1ec7t m\u1edbi<\/strong><\/a>\n<\/p>\n<h3>Ng\u01b0\u1eddi b\u1ea1n \u0111\u1ed3ng h\u00e0nh cho n\u0103ng su\u1ea5t h\u1eb1ng ng\u00e0y<\/h3>\n<p>Ki\u1ec3m so\u00e1t th\u1eddi gian d\u00e0nh cho c\u00e1c c\u00f4ng vi\u1ec7c h\u1eb1ng ng\u00e0y l\u00e0 m\u1ed9t trong nh\u1eefng c\u00e1ch hi\u1ec7u qu\u1ea3 nh\u1ea5t \u0111\u1ec3 t\u0103ng n\u0103ng su\u1ea5t v\u00e0 l\u1ea5y l\u1ea1i quy\u1ec1n ki\u1ec3m so\u00e1t ng\u00e0y l\u00e0m vi\u1ec7c c\u1ee7a ch\u00fang ta. V\u1edbi nhi\u1ec1u ng\u01b0\u1eddi, m\u00e1y t\u00ednh ch\u1eb3ng kh\u00e1c g\u00ec m\u1ed9t l\u1ed7 \u0111en th\u1eddi gian; gi\u1edd gi\u1ea5c tr\u00f4i qua trong ch\u1edbp m\u1eaft v\u00e0 khi nh\u1eadn ra th\u00ec bu\u1ed5i chi\u1ec1u \u0111\u00e3 qua \u0111i m\u00e0 nh\u1eefng vi\u1ec7c quan tr\u1ecdng v\u1eabn ch\u01b0a ti\u1ebfn tri\u1ec3n. Ch\u00ednh l\u00fac \u0111\u00f3 ch\u00fang ta th\u01b0\u1eddng t\u1ef1 h\u1ecfi m\u1ed9t c\u00e2u quen thu\u1ed9c v\u00e0 \u0111\u1ea7y th\u1ea5t v\u1ecdng: <em>\u201cC\u1ea3 ng\u00e0y nay m\u00ecnh \u0111\u00e3 l\u00e0m \u0111\u01b0\u1ee3c g\u00ec?\u201d<\/em><\/p>\n<p>M\u1ed9t gi\u1ea3i ph\u00e1p \u0111\u01a1n gi\u1ea3n v\u00e0 hi\u1ec7u qu\u1ea3 cho v\u1ea5n \u0111\u1ec1 n\u00e0y l\u00e0 <strong>ChronMe<\/strong> \u2014 \u0111\u1ed3ng h\u1ed3 b\u1ea5m gi\u1edd tr\u1ef1c tuy\u1ebfn mi\u1ec5n ph\u00ed \u0111\u01b0\u1ee3c thi\u1ebft k\u1ebf \u0111\u1ec3 gi\u00fap b\u1ea1n t\u00ednh to\u00e1n ch\u00ednh x\u00e1c th\u1eddi gian d\u00e0nh cho t\u1eebng ho\u1ea1t \u0111\u1ed9ng. V\u1edbi <strong>ChronMe<\/strong>, b\u1ea1n c\u00f3 th\u1ec3 l\u01b0u l\u1ea1i m\u1ed9t b\u1ea3n ghi t\u01b0\u01a1ng t\u00e1c d\u01b0\u1edbi d\u1ea1ng danh s\u00e1ch chi ti\u1ebft, lu\u00f4n n\u1eafm r\u00f5 nh\u1eefng vi\u1ec7c m\u00ecnh \u0111\u00e3 l\u00e0m, th\u1eddi \u0111i\u1ec3m b\u1eaft \u0111\u1ea7u v\u00e0 ch\u00ednh x\u00e1c kho\u1ea3ng th\u1eddi gian \u0111\u00e3 s\u1eed d\u1ee5ng.<\/p>\n<p><img decoding=\"async\" src=\"https:\/\/www.chronme.com\/blog\/wp-content\/uploads\/dong-ho-bam-gio.png\" alt=\"\u0111\u1ed3ng h\u1ed3 b\u1ea5m gi\u1edd\" style=\"max-width: 100%; height: auto; display: block; margin: 20px 0;\"><\/p>\n<h3>Ng\u01b0\u1eddi d\u00f9ng c\u1ee7a ch\u00fang t\u00f4i s\u1eed d\u1ee5ng \u201cChronMe\u201d \u0111\u1ec3 l\u00e0m g\u00ec?<\/h3>\n<p><strong>\u0110\u1ed3ng h\u1ed3 b\u1ea5m gi\u1edd &#8220;ChronMe&#8221;<\/strong> \u0111\u00e3 ho\u1ea1t \u0111\u1ed9ng th\u00e0nh c\u00f4ng k\u1ec3 t\u1eeb n\u0103m 2008 trong phi\u00ean b\u1ea3n g\u1ed1c b\u1eb1ng ti\u1ebfng Anh. Trong nhi\u1ec1u n\u0103m qua, ch\u00fang t\u00f4i \u0111\u00e3 nh\u1eadn \u0111\u01b0\u1ee3c v\u00f4 s\u1ed1 l\u1eddi khen ng\u1ee3i v\u00e0 ph\u1ea3n h\u1ed3i t\u1eeb ng\u01b0\u1eddi d\u00f9ng tr\u00ean kh\u1eafp th\u1ebf gi\u1edbi, nh\u1eefng ng\u01b0\u1eddi \u0111\u00e3 t\u00edch h\u1ee3p \u0111\u1ed3ng h\u1ed3 b\u1ea5m gi\u1edd tr\u1ef1c tuy\u1ebfn n\u00e0y v\u00e0o c\u00f4ng vi\u1ec7c v\u00e0 \u0111\u1eddi s\u1ed1ng c\u00e1 nh\u00e2n theo nh\u1eefng c\u00e1ch th\u1eadt \u0111\u00e1ng ng\u1ea1c nhi\u00ean. D\u01b0\u1edbi \u0111\u00e2y l\u00e0 m\u1ed9t v\u00e0i v\u00ed d\u1ee5:<\/p>\n<ul>\n<li><strong>Chu\u1ea9n b\u1ecb b\u00e0i ph\u00e1t bi\u1ec3u v\u00e0 thuy\u1ebft tr\u00ecnh:<\/strong> \u0110o th\u1eddi gian cho t\u1eebng ph\u1ea7n \u0111\u1ec3 \u0111\u1ea3m b\u1ea3o ho\u00e0n th\u00e0nh tr\u1ecdn v\u1eb9n trong kho\u1ea3ng th\u1eddi gian quy \u0111\u1ecbnh.<\/li>\n<li><strong>Theo d\u00f5i th\u1eddi gian trong c\u00e1c d\u1ef1 \u00e1n:<\/strong> C\u00e1c chuy\u00ean gia v\u00e0 freelancer s\u1eed d\u1ee5ng \u0111\u1ec3 t\u00ednh ph\u00ed ch\u00ednh x\u00e1c cho kh\u00e1ch h\u00e0ng v\u00e0 kh\u00f4ng b\u1ecb tr\u1ea3 th\u1ea5p h\u01a1n gi\u00e1 tr\u1ecb c\u00f4ng vi\u1ec7c.<\/li>\n<li><strong>Ki\u1ec3m so\u00e1t th\u1eddi gian d\u1eebng m\u00e1y trong nh\u00e0 m\u00e1y:<\/strong> T\u1ed1i \u01b0u h\u00f3a quy tr\u00ecnh s\u1ea3n xu\u1ea5t v\u00e0 \u0111o l\u01b0\u1eddng hi\u1ec7u su\u1ea5t m\u00e1y m\u00f3c.<\/li>\n<li><strong>\u0110o th\u1eddi gian gi\u1eefa c\u00e1c c\u01a1n co th\u1eaft tr\u01b0\u1edbc khi sinh:<\/strong> Ch\u00fang t\u00f4i ch\u01b0a t\u1eebng ngh\u0129 \u0111\u1ebfn, nh\u01b0ng th\u1eadt tuy\u1ec7t khi c\u00f3 th\u1ec3 h\u1ed7 tr\u1ee3 trong nh\u1eefng kho\u1ea3nh kh\u1eafc quan tr\u1ecdng nh\u01b0 v\u1eady!<\/li>\n<li><strong>Theo d\u00f5i th\u1eddi l\u01b0\u1ee3ng cu\u1ed9c g\u1ecdi t\u1ea1i <em>call center<\/em>:<\/strong> C\u1ea3i thi\u1ec7n d\u1ecbch v\u1ee5 kh\u00e1ch h\u00e0ng v\u00e0 ph\u00e2n t\u00edch th\u1eddi l\u01b0\u1ee3ng trung b\u00ecnh c\u1ee7a c\u00e1c cu\u1ed9c trao \u0111\u1ed5i.<\/li>\n<li><strong>Qu\u1ea3n l\u00fd y\u00eau c\u1ea7u trong c\u00f4ng ty taxi:<\/strong> T\u1ed1i \u01b0u h\u00f3a vi\u1ec7c ph\u00e2n b\u1ed5 xe v\u00e0 th\u1eddi gian ch\u1edd.<\/li>\n<li><strong>\u0110\u1ed3ng b\u1ed9 video t\u1ed1c \u0111\u1ed9 cao:<\/strong> C\u00e1c nh\u00e0 l\u00e0m phim v\u00e0 k\u1ef9 thu\u1eadt vi\u00ean s\u1eed d\u1ee5ng \u0111\u1ec3 c\u0103n ch\u1ec9nh \u00e2m thanh v\u00e0 h\u00ecnh \u1ea3nh v\u1edbi \u0111\u1ed9 ch\u00ednh x\u00e1c tuy\u1ec7t \u0111\u1ed1i.<\/li>\n<\/ul>\n<h3>T\u00ednh n\u0103ng tr\u1ef1c quan v\u00e0 m\u1ea1nh m\u1ebd<\/h3>\n<p>V\u1edbi thi\u1ebft k\u1ebf ho\u00e0n to\u00e0n tr\u1ef1c quan, giao di\u1ec7n t\u1eadp trung v\u00e0o hai n\u00fat ch\u00ednh: m\u1ed9t n\u00fat \u0111\u1ec3 b\u1eaft \u0111\u1ea7u v\u00e0 d\u1eebng th\u1eddi gian, v\u00e0 m\u1ed9t n\u00fat \u0111\u1ec3 \u0111\u1eb7t l\u1ea1i \u0111\u1ed3ng h\u1ed3 b\u1ea5m gi\u1edd, x\u00f3a to\u00e0n b\u1ed9 danh s\u00e1ch \u0111\u1ec3 b\u1eaft \u0111\u1ea7u l\u1ea1i t\u1eeb \u0111\u1ea7u. M\u1ed7i khi b\u1ea1n d\u1eebng \u0111\u1ed3ng h\u1ed3, m\u1ed9t d\u00f2ng m\u1edbi s\u1ebd t\u1ef1 \u0111\u1ed9ng xu\u1ea5t hi\u1ec7n trong danh s\u00e1ch, hi\u1ec3n th\u1ecb th\u1eddi gian b\u1eaft \u0111\u1ea7u, kho\u1ea3ng th\u1eddi gian (lap) v\u00e0 ng\u00e0y ch\u00ednh x\u00e1c c\u1ee7a l\u1ea7n \u0111o.<\/p>\n<p>C\u00e1c danh s\u00e1ch th\u1eddi gian b\u1ea1n t\u1ea1o c\u00f3 th\u1ec3 \u0111\u01b0\u1ee3c t\u1ea3i xu\u1ed1ng m\u00e1y t\u00ednh d\u01b0\u1edbi d\u1ea1ng <strong>CSV<\/strong> v\u00e0 <strong>SCSV<\/strong>. C\u00e1c t\u1ec7p n\u00e0y c\u00f3 th\u1ec3 \u0111\u01b0\u1ee3c nh\u1eadp v\u00e0o b\u1ea5t k\u1ef3 ph\u1ea7n m\u1ec1m b\u1ea3ng t\u00ednh n\u00e0o t\u01b0\u01a1ng th\u00edch, nh\u01b0 Microsoft Excel ho\u1eb7c Google Sheets. Th\u00f4ng th\u01b0\u1eddng \u1edf ch\u00e2u \u00c2u, \u0111\u1ecbnh d\u1ea1ng <strong>SCSV<\/strong> (ph\u00e2n t\u00e1ch b\u1eb1ng d\u1ea5u ch\u1ea5m ph\u1ea9y) s\u1ebd t\u1ef1 \u0111\u1ed9ng \u0111\u01b0a d\u1eef li\u1ec7u v\u00e0o t\u1eebng c\u1ed9t khi m\u1edf b\u1eb1ng Excel. T\u1ed1t nh\u1ea5t l\u00e0 b\u1ea1n h\u00e3y th\u1eed v\u00e0 ch\u1ecdn \u0111\u1ecbnh d\u1ea1ng ph\u00f9 h\u1ee3p nh\u1ea5t v\u1edbi m\u00ecnh!<\/p>\n<p>Ngo\u00e0i ra, <strong>ChronMe<\/strong> c\u00f2n c\u00f3 phi\u00ean b\u1ea3n thu nh\u1ecf v\u00e0 \u0111\u01b0\u1ee3c cung c\u1ea5p d\u01b0\u1edbi d\u1ea1ng m\u1ed9t <strong>Widget<\/strong> (hi\u1ec7n t\u1ea1i ch\u1ec9 c\u00f3 b\u1eb1ng ti\u1ebfng Anh) cho nh\u1eefng ai mu\u1ed1n nh\u00fang tr\u1ef1c ti\u1ebfp \u0111\u1ed3ng h\u1ed3 b\u1ea5m gi\u1edd v\u00e0o trang web ho\u1eb7c blog c\u1ee7a m\u00ecnh.<\/p>\n<h3>Kh\u00f4ng ng\u1eebng c\u1ea3i ti\u1ebfn nh\u1edd b\u1ea1n<\/h3>\n<p>K\u1ec3 t\u1eeb khi phi\u00ean b\u1ea3n \u0111\u1ea7u ti\u00ean \u0111\u01b0\u1ee3c ra m\u1eaft, ch\u00fang t\u00f4i \u0111\u00e3 b\u1ed5 sung r\u1ea5t nhi\u1ec1u c\u1ea3i ti\u1ebfn theo y\u00eau c\u1ea7u t\u1eeb ch\u00ednh ng\u01b0\u1eddi d\u00f9ng. Ph\u1ea3n h\u1ed3i c\u1ee7a b\u1ea1n l\u00e0 v\u00f4 c\u00f9ng quan tr\u1ecdng v\u1edbi ch\u00fang t\u00f4i. V\u00ed d\u1ee5, gi\u1edd \u0111\u00e2y b\u1ea1n c\u00f3 th\u1ec3 s\u1eed d\u1ee5ng b\u00e0n ph\u00edm m\u00e1y t\u00ednh \u0111\u1ec3 v\u1eadn h\u00e0nh \u0111\u1ed3ng h\u1ed3, gi\u00fap vi\u1ec7c s\u1eed d\u1ee5ng nhanh ch\u00f3ng v\u00e0 linh ho\u1ea1t h\u01a1n nhi\u1ec1u. Ngo\u00e0i ra, ch\u00fang t\u00f4i c\u0169ng \u0111\u00e3 th\u00eam t\u00ednh n\u0103ng ghi l\u1ea1i th\u1eddi gian trung gian (lap\/split) m\u00e0 kh\u00f4ng c\u1ea7n d\u1eebng \u0111\u1ed3ng h\u1ed3 ch\u00ednh.<\/p>\n<p>D\u01b0\u1edbi \u0111\u00e2y l\u00e0 t\u00f3m t\u1eaft c\u00e1c thao t\u00e1c ch\u00ednh:<\/p>\n<ul>\n<li>Nh\u1ea5n n\u00fat <strong>B\u1eaft \u0111\u1ea7u\/D\u1eebng<\/strong> ho\u1eb7c ph\u00edm <strong>[ENTER]<\/strong> \u0111\u1ec3 \u0111i\u1ec1u khi\u1ec3n th\u1eddi gian.<\/li>\n<li>L\u1eb7p l\u1ea1i thao t\u00e1c nhi\u1ec1u l\u1ea7n n\u1ebfu c\u1ea7n \u0111\u1ec3 ghi l\u1ea1i nhi\u1ec1u nhi\u1ec7m v\u1ee5.<\/li>\n<li>Nh\u1ea5p v\u00e0o ph\u1ea7n m\u00f4 t\u1ea3 \u0111\u1ec3 <strong>th\u00eam v\u0103n b\u1ea3n t\u00f9y ch\u1ec9nh<\/strong> cho t\u1eebng nhi\u1ec7m v\u1ee5.<\/li>\n<li>Th\u00eam d\u00f2ng m\u00e0 kh\u00f4ng d\u1eebng \u0111\u1ed3ng h\u1ed3 (split time) b\u1eb1ng ph\u00edm <strong>[SHIFT]<\/strong>.<\/li>\n<li>Ghi l\u1ea1i th\u1eddi gian m\u00e0 kh\u00f4ng d\u1eebng \u0111\u1ed3ng h\u1ed3 (lap time) b\u1eb1ng ph\u00edm <strong>[INS]<\/strong>.<\/li>\n<li><strong>T\u1ea3i xu\u1ed1ng to\u00e0n b\u1ed9 b\u00e1o c\u00e1o<\/strong> sang Excel ch\u1ec9 v\u1edbi m\u1ed9t c\u00fa nh\u1ea5p.<\/li>\n<li>Nh\u1ea5n n\u00fat <strong>\u0110\u1eb7t l\u1ea1i<\/strong> ho\u1eb7c ph\u00edm <strong>[ESC]<\/strong> \u0111\u1ec3 x\u00f3a t\u1ea5t c\u1ea3 d\u1eef li\u1ec7u v\u00e0 b\u1eaft \u0111\u1ea7u l\u1ea1i t\u1eeb \u0111\u1ea7u.<\/li>\n<\/ul>\n","protected":false},"excerpt":{"rendered":"<p>Ch\u00fang t\u00f4i v\u00f4 c\u00f9ng ph\u1ea5n kh\u1edfi khi th\u00f4ng b\u00e1o m\u1ed9t tin tuy\u1ec7t v\u1eddi! H\u00f4m nay ch\u00fang t\u00f4i ch\u00ednh th\u1ee9c ra m\u1eaft phi\u00ean b\u1ea3n ho\u00e0n to\u00e0n m\u1edbi c\u1ee7a \u0111\u1ed3ng h\u1ed3 b\u1ea5m gi\u1edd \u201cChronMe\u201d b\u1eb1ng Ti\u1ebfng Vi\u1ec7t. \u0110\u00e2y l\u00e0 m\u1ed9t b\u01b0\u1edbc ti\u1ebfn quan tr\u1ecdng \u0111\u1ed1i v\u1edbi ch\u00fang t\u00f4i, v\u00ec ch\u00fang t\u00f4i mong mu\u1ed1n c\u00f4ng c\u1ee5 n\u00e0y c\u00f3 [&hellip;]<\/p>\n","protected":false},"author":1,"featured_media":0,"parent":0,"menu_order":0,"comment_status":"closed","ping_status":"closed","template":"","meta":{"footnotes":""},"class_list":["post-362","page","type-page","status-publish","hentry"],"_links":{"self":[{"href":"https:\/\/www.chronme.com\/blog\/wp-json\/wp\/v2\/pages\/362","targetHints":{"allow":["GET"]}}],"collection":[{"href":"https:\/\/www.chronme.com\/blog\/wp-json\/wp\/v2\/pages"}],"about":[{"href":"https:\/\/www.chronme.com\/blog\/wp-json\/wp\/v2\/types\/page"}],"author":[{"embeddable":true,"href":"https:\/\/www.chronme.com\/blog\/wp-json\/wp\/v2\/users\/1"}],"replies":[{"embeddable":true,"href":"https:\/\/www.chronme.com\/blog\/wp-json\/wp\/v2\/comments?post=362"}],"version-history":[{"count":0,"href":"https:\/\/www.chronme.com\/blog\/wp-json\/wp\/v2\/pages\/362\/revisions"}],"wp:attachment":[{"href":"https:\/\/www.chronme.com\/blog\/wp-json\/wp\/v2\/media?parent=362"}],"curies":[{"name":"wp","href":"https:\/\/api.w.org\/{rel}","templated":true}]}}